{"id":1858,"date":"2026-04-21T11:21:53","date_gmt":"2026-04-21T11:21:53","guid":{"rendered":"http:\/\/relaunch.lion-claim.com\/impressum\/"},"modified":"2024-12-10T10:56:28","modified_gmt":"2024-12-10T10:56:28","slug":"pravno-obvestilo","status":"publish","type":"page","link":"https:\/\/www.lion-claim.com\/sl\/pravno-obvestilo\/","title":{"rendered":"Pravno obvestilo"},"content":{"rendered":"\t\t<div data-elementor-type=\"wp-page\" data-elementor-id=\"1858\" class=\"elementor elementor-1858\">\n\t\t\t\t\t\t<section class=\"elementor-section elementor-top-section elementor-element elementor-element-11acd8c5 elementor-section-boxed elementor-section-height-default elementor-section-height-default sc_fly_static\" data-id=\"11acd8c5\" data-element_type=\"section\">\n\t\t\t\t\t\t<div class=\"elementor-container elementor-column-gap-extended\">\n\t\t\t\t\t<div class=\"elementor-column elementor-col-100 elementor-top-column elementor-element elementor-element-5db7d005 sc_content_align_inherit sc_layouts_column_icons_position_left sc_fly_static\" data-id=\"5db7d005\" data-element_type=\"column\">\n\t\t\t<div class=\"elementor-widget-wrap elementor-element-populated\">\n\t\t\t\t\t\t<div class=\"elementor-element elementor-element-7a96e470 sc_fly_static elementor-widget elementor-widget-spacer\" data-id=\"7a96e470\" data-element_type=\"widget\" data-widget_type=\"spacer.default\">\n\t\t\t\t<div class=\"elementor-widget-container\">\n\t\t\t\t\t\t\t<div class=\"elementor-spacer\">\n\t\t\t<div class=\"elementor-spacer-inner\"><\/div>\n\t\t<\/div>\n\t\t\t\t\t\t<\/div>\n\t\t\t\t<\/div>\n\t\t\t\t\t<\/div>\n\t\t<\/div>\n\t\t\t\t\t<\/div>\n\t\t<\/section>\n\t\t\t\t<section class=\"elementor-section elementor-top-section elementor-element elementor-element-5b19b6fb elementor-section-boxed elementor-section-height-default elementor-section-height-default sc_fly_static\" data-id=\"5b19b6fb\" data-element_type=\"section\">\n\t\t\t\t\t\t<div class=\"elementor-container elementor-column-gap-extended\">\n\t\t\t\t\t<div class=\"elementor-column elementor-col-100 elementor-top-column elementor-element elementor-element-6004aeb7 sc_content_align_inherit sc_layouts_column_icons_position_left sc_fly_static\" data-id=\"6004aeb7\" data-element_type=\"column\">\n\t\t\t<div class=\"elementor-widget-wrap elementor-element-populated\">\n\t\t\t\t\t\t<section class=\"elementor-section elementor-inner-section elementor-element elementor-element-23a3f594 elementor-section-boxed elementor-section-height-default elementor-section-height-default sc_fly_static\" data-id=\"23a3f594\" data-element_type=\"section\">\n\t\t\t\t\t\t<div class=\"elementor-container elementor-column-gap-extended\">\n\t\t\t\t\t<div class=\"elementor-column elementor-col-50 elementor-inner-column elementor-element elementor-element-45bd98ea sc_content_align_inherit sc_layouts_column_icons_position_left sc_fly_static\" data-id=\"45bd98ea\" data-element_type=\"column\">\n\t\t\t<div class=\"elementor-widget-wrap elementor-element-populated\">\n\t\t\t\t\t\t<div class=\"elementor-element elementor-element-2f84339a sc_fly_static elementor-widget elementor-widget-text-editor\" data-id=\"2f84339a\" data-element_type=\"widget\" data-widget_type=\"text-editor.default\">\n\t\t\t\t<div class=\"elementor-widget-container\">\n\t\t\t\t\t\t\t\t\t<p style=\"text-align: left;\"><span style=\"color: #d18f00;\">Lion Claim GmbH<\/span><\/p>\t\t\t\t\t\t\t\t<\/div>\n\t\t\t\t<\/div>\n\t\t\t\t<div class=\"elementor-element elementor-element-4a812ccc sc_fly_static elementor-widget elementor-widget-heading\" data-id=\"4a812ccc\" data-element_type=\"widget\" data-widget_type=\"heading.default\">\n\t\t\t\t<div class=\"elementor-widget-container\">\n\t\t\t\t\t<h2 class=\"elementor-heading-title elementor-size-default\">Pravno obvestilo<\/h2>\t\t\t\t<\/div>\n\t\t\t\t<\/div>\n\t\t\t\t\t<\/div>\n\t\t<\/div>\n\t\t\t\t<div class=\"elementor-column elementor-col-50 elementor-inner-column elementor-element elementor-element-7bc13af1 sc_content_align_inherit sc_layouts_column_icons_position_left sc_fly_static\" data-id=\"7bc13af1\" data-element_type=\"column\">\n\t\t\t<div class=\"elementor-widget-wrap\">\n\t\t\t\t\t\t\t<\/div>\n\t\t<\/div>\n\t\t\t\t\t<\/div>\n\t\t<\/section>\n\t\t\t\t\t<\/div>\n\t\t<\/div>\n\t\t\t\t\t<\/div>\n\t\t<\/section>\n\t\t\t\t<section class=\"elementor-section elementor-top-section elementor-element elementor-element-a76765d elementor-section-boxed elementor-section-height-default elementor-section-height-default sc_fly_static\" data-id=\"a76765d\" data-element_type=\"section\">\n\t\t\t\t\t\t<div class=\"elementor-container elementor-column-gap-extended\">\n\t\t\t\t\t<div class=\"elementor-column elementor-col-100 elementor-top-column elementor-element elementor-element-45877fc7 sc_content_align_inherit sc_layouts_column_icons_position_left sc_fly_static\" data-id=\"45877fc7\" data-element_type=\"column\">\n\t\t\t<div class=\"elementor-widget-wrap elementor-element-populated\">\n\t\t\t\t\t\t<div class=\"elementor-element elementor-element-30ec71cf sc_fly_static elementor-widget elementor-widget-spacer\" data-id=\"30ec71cf\" data-element_type=\"widget\" data-widget_type=\"spacer.default\">\n\t\t\t\t<div class=\"elementor-widget-container\">\n\t\t\t\t\t\t\t<div class=\"elementor-spacer\">\n\t\t\t<div class=\"elementor-spacer-inner\"><\/div>\n\t\t<\/div>\n\t\t\t\t\t\t<\/div>\n\t\t\t\t<\/div>\n\t\t\t\t\t<\/div>\n\t\t<\/div>\n\t\t\t\t\t<\/div>\n\t\t<\/section>\n\t\t\t\t<section class=\"elementor-section elementor-top-section elementor-element elementor-element-21c9a54f elementor-section-boxed elementor-section-height-default elementor-section-height-default sc_fly_static\" data-id=\"21c9a54f\" data-element_type=\"section\">\n\t\t\t\t\t\t<div class=\"elementor-container elementor-column-gap-extended\">\n\t\t\t\t\t<div class=\"elementor-column elementor-col-100 elementor-top-column elementor-element elementor-element-560dc88f sc_content_align_inherit sc_layouts_column_icons_position_left sc_fly_static\" data-id=\"560dc88f\" data-element_type=\"column\">\n\t\t\t<div class=\"elementor-widget-wrap elementor-element-populated\">\n\t\t\t\t\t\t<div class=\"elementor-element elementor-element-7f94e071 sc_fly_static elementor-widget elementor-widget-text-editor\" data-id=\"7f94e071\" data-element_type=\"widget\" data-widget_type=\"text-editor.default\">\n\t\t\t\t<div class=\"elementor-widget-container\">\n\t\t\t\t\t\t\t\t\t<p>Lion Claim GmbH<br \/>Regentenstrasse 3<br \/>41061 M\u00f6nchengladbach<br \/>Nem\u010dija<\/p><p>Telefon: +49 2161 2709601<br \/>Faks: +49 2161 63996899<br \/>E-naslov: info@lion-claim.com<\/p><p>Registrsko sodi\u0161\u010de: Lokalno sodi\u0161\u010de v M\u00f6nchengladbachu<br \/>Registrska \u0161tevilka: HRB 22469<\/p><p>Generalni direktor: Andre G\u00f6rgen<\/p><p>Identifikacijska \u0161tevilka za prometni davek: DE365852799<\/p><p>Photocredits:\u00a0<br \/>Photo 8111865 by pavel danilyuk pexels<br \/>Photo 534219 pexels-pixabay<br \/>Photo 8867261 yankrukov pexels<br \/>Photo 7641842 a darmel pexels<\/p>\t\t\t\t\t\t\t\t<\/div>\n\t\t\t\t<\/div>\n\t\t\t\t\t<\/div>\n\t\t<\/div>\n\t\t\t\t\t<\/div>\n\t\t<\/section>\n\t\t\t\t<section class=\"elementor-section elementor-top-section elementor-element elementor-element-854ea26 elementor-section-boxed elementor-section-height-default elementor-section-height-default sc_fly_static\" data-id=\"854ea26\" data-element_type=\"section\">\n\t\t\t\t\t\t<div class=\"elementor-container elementor-column-gap-extended\">\n\t\t\t\t\t<div class=\"elementor-column elementor-col-100 elementor-top-column elementor-element elementor-element-3ffb98c3 sc_content_align_inherit sc_layouts_column_icons_position_left sc_fly_static\" data-id=\"3ffb98c3\" data-element_type=\"column\">\n\t\t\t<div class=\"elementor-widget-wrap elementor-element-populated\">\n\t\t\t\t\t\t<div class=\"elementor-element elementor-element-503334f4 sc_fly_static elementor-widget elementor-widget-spacer\" data-id=\"503334f4\" data-element_type=\"widget\" data-widget_type=\"spacer.default\">\n\t\t\t\t<div class=\"elementor-widget-container\">\n\t\t\t\t\t\t\t<div class=\"elementor-spacer\">\n\t\t\t<div class=\"elementor-spacer-inner\"><\/div>\n\t\t<\/div>\n\t\t\t\t\t\t<\/div>\n\t\t\t\t<\/div>\n\t\t\t\t\t<\/div>\n\t\t<\/div>\n\t\t\t\t\t<\/div>\n\t\t<\/section>\n\t\t\t\t<section class=\"elementor-section elementor-top-section elementor-element elementor-element-77e64c26 elementor-section-boxed elementor-section-height-default elementor-section-height-default sc_fly_static\" data-id=\"77e64c26\" data-element_type=\"section\" data-settings=\"{&quot;background_background&quot;:&quot;classic&quot;}\">\n\t\t\t\t\t\t<div class=\"elementor-container elementor-column-gap-extended\">\n\t\t\t\t\t<div class=\"elementor-column elementor-col-100 elementor-top-column elementor-element elementor-element-1559e461 sc_content_align_inherit sc_layouts_column_icons_position_left sc_fly_static\" data-id=\"1559e461\" data-element_type=\"column\">\n\t\t\t<div class=\"elementor-widget-wrap elementor-element-populated\">\n\t\t\t\t\t\t<div class=\"elementor-element elementor-element-63e0015a sc_fly_static elementor-widget elementor-widget-spacer\" data-id=\"63e0015a\" data-element_type=\"widget\" data-widget_type=\"spacer.default\">\n\t\t\t\t<div class=\"elementor-widget-container\">\n\t\t\t\t\t\t\t<div class=\"elementor-spacer\">\n\t\t\t<div class=\"elementor-spacer-inner\"><\/div>\n\t\t<\/div>\n\t\t\t\t\t\t<\/div>\n\t\t\t\t<\/div>\n\t\t\t\t\t<\/div>\n\t\t<\/div>\n\t\t\t\t\t<\/div>\n\t\t<\/section>\n\t\t\t\t<\/div>\n\t\t","protected":false},"excerpt":{"rendered":"<p>Lion Claim GmbH Pravno obvestilo Lion Claim GmbHRegentenstrasse 341061 M\u00f6nchengladbachNem\u010dija Telefon: +49 2161 2709601Faks: +49 2161 63996899E-naslov: info@lion-claim.com Registrsko sodi\u0161\u010de: Lokalno sodi\u0161\u010de v M\u00f6nchengladbachuRegistrska \u0161tevilka: HRB 22469 Generalni direktor: Andre&hellip;<\/p>\n","protected":false},"author":2,"featured_media":0,"parent":0,"menu_order":0,"comment_status":"closed","ping_status":"closed","template":"","meta":{"footnotes":""},"class_list":["post-1858","page","type-page","status-publish","hentry"],"_links":{"self":[{"href":"https:\/\/www.lion-claim.com\/sl\/wp-json\/wp\/v2\/pages\/1858","targetHints":{"allow":["GET"]}}],"collection":[{"href":"https:\/\/www.lion-claim.com\/sl\/wp-json\/wp\/v2\/pages"}],"about":[{"href":"https:\/\/www.lion-claim.com\/sl\/wp-json\/wp\/v2\/types\/page"}],"author":[{"embeddable":true,"href":"https:\/\/www.lion-claim.com\/sl\/wp-json\/wp\/v2\/users\/2"}],"replies":[{"embeddable":true,"href":"https:\/\/www.lion-claim.com\/sl\/wp-json\/wp\/v2\/comments?post=1858"}],"version-history":[{"count":9,"href":"https:\/\/www.lion-claim.com\/sl\/wp-json\/wp\/v2\/pages\/1858\/revisions"}],"predecessor-version":[{"id":4029,"href":"https:\/\/www.lion-claim.com\/sl\/wp-json\/wp\/v2\/pages\/1858\/revisions\/4029"}],"wp:attachment":[{"href":"https:\/\/www.lion-claim.com\/sl\/wp-json\/wp\/v2\/media?parent=1858"}],"curies":[{"name":"wp","href":"https:\/\/api.w.org\/{rel}","templated":true}]}}